{"id":3406,"date":"2025-07-21T12:44:02","date_gmt":"2025-07-21T12:44:02","guid":{"rendered":"https:\/\/classiccarratings.com\/password-reset\/"},"modified":"2026-02-24T12:18:02","modified_gmt":"2026-02-24T12:18:02","slug":"password-reset","status":"publish","type":"page","link":"https:\/\/classiccarratings.com\/cs\/password-reset\/","title":{"rendered":"Password Reset"},"content":{"rendered":"<div data-elementor-type=\"wp-page\" data-elementor-id=\"3406\" class=\"elementor elementor-3406\" data-elementor-settings=\"{&quot;element_pack_global_tooltip_width&quot;:{&quot;unit&quot;:&quot;px&quot;,&quot;size&quot;:&quot;&quot;,&quot;sizes&quot;:[]},&quot;element_pack_global_tooltip_width_tablet&quot;:{&quot;unit&quot;:&quot;px&quot;,&quot;size&quot;:&quot;&quot;,&quot;sizes&quot;:[]},&quot;element_pack_global_tooltip_width_mobile&quot;:{&quot;unit&quot;:&quot;px&quot;,&quot;size&quot;:&quot;&quot;,&quot;sizes&quot;:[]},&quot;element_pack_global_tooltip_padding&quot;:{&quot;unit&quot;:&quot;px&quot;,&quot;top&quot;:&quot;&quot;,&quot;right&quot;:&quot;&quot;,&quot;bottom&quot;:&quot;&quot;,&quot;left&quot;:&quot;&quot;,&quot;isLinked&quot;:true},&quot;element_pack_global_tooltip_padding_tablet&quot;:{&quot;unit&quot;:&quot;px&quot;,&quot;top&quot;:&quot;&quot;,&quot;right&quot;:&quot;&quot;,&quot;bottom&quot;:&quot;&quot;,&quot;left&quot;:&quot;&quot;,&quot;isLinked&quot;:true},&quot;element_pack_global_tooltip_padding_mobile&quot;:{&quot;unit&quot;:&quot;px&quot;,&quot;top&quot;:&quot;&quot;,&quot;right&quot;:&quot;&quot;,&quot;bottom&quot;:&quot;&quot;,&quot;left&quot;:&quot;&quot;,&quot;isLinked&quot;:true},&quot;element_pack_global_tooltip_border_radius&quot;:{&quot;unit&quot;:&quot;px&quot;,&quot;top&quot;:&quot;&quot;,&quot;right&quot;:&quot;&quot;,&quot;bottom&quot;:&quot;&quot;,&quot;left&quot;:&quot;&quot;,&quot;isLinked&quot;:true},&quot;element_pack_global_tooltip_border_radius_tablet&quot;:{&quot;unit&quot;:&quot;px&quot;,&quot;top&quot;:&quot;&quot;,&quot;right&quot;:&quot;&quot;,&quot;bottom&quot;:&quot;&quot;,&quot;left&quot;:&quot;&quot;,&quot;isLinked&quot;:true},&quot;element_pack_global_tooltip_border_radius_mobile&quot;:{&quot;unit&quot;:&quot;px&quot;,&quot;top&quot;:&quot;&quot;,&quot;right&quot;:&quot;&quot;,&quot;bottom&quot;:&quot;&quot;,&quot;left&quot;:&quot;&quot;,&quot;isLinked&quot;:true}}\" data-elementor-post-type=\"page\">\n\t\t\t\t<div class=\"elementor-element elementor-element-5658b7f7 e-flex e-con-boxed e-con e-parent\" data-id=\"5658b7f7\" data-element_type=\"container\">\n\t\t\t\t\t<div class=\"e-con-inner\">\n\t\t\t\t<div class=\"elementor-element elementor-element-c84c669 elementor-widget elementor-widget-spacer\" data-id=\"c84c669\" data-element_type=\"widget\" data-widget_type=\"spacer.default\">\n\t\t\t\t<div class=\"elementor-widget-container\">\n\t\t\t\t\t\t\t<div class=\"elementor-spacer\">\n\t\t\t<div class=\"elementor-spacer-inner\"><\/div>\n\t\t<\/div>\n\t\t\t\t\t\t<\/div>\n\t\t\t\t<\/div>\n\t\t\t\t<div class=\"elementor-element elementor-element-294cd16 elementor-widget elementor-widget-heading\" data-id=\"294cd16\" data-element_type=\"widget\" data-widget_type=\"heading.default\">\n\t\t\t\t<div class=\"elementor-widget-container\">\n\t\t\t\t\t<h2 class=\"elementor-heading-title elementor-size-default\">Reset Your Password<\/h2>\t\t\t\t<\/div>\n\t\t\t\t<\/div>\n\t\t<div class=\"elementor-element elementor-element-c7599da e-con-full e-flex e-con e-child\" data-id=\"c7599da\" data-element_type=\"container\">\n\t\t\t\t<div class=\"elementor-element elementor-element-32a6076b elementor-widget elementor-widget-text-editor\" data-id=\"32a6076b\" data-element_type=\"widget\" data-widget_type=\"text-editor.default\">\n\t\t\t\t<div class=\"elementor-widget-container\">\n\t\t\t\t\t\t\t\t\t<p>\u00a0<\/p><div class=\"wpum-template wpum-form wpum-password-recovery-form\">\n\n\t\n\t<p>\n\t\tLost your password? Please enter your username or email address. You will receive a link to create a new password via email.\t<\/p>\n\n\t<form action=\"\/cs\/wp-json\/wp\/v2\/pages\/3406\" method=\"post\" id=\"wpum-submit-password-recovery-form\" enctype=\"multipart\/form-data\" data-trp-original-action=\"\/cs\/wp-json\/wp\/v2\/pages\/3406\">\n\n\t\t\t\t\t<fieldset class=\"fieldset-username_email\">\n\n\t\t\t\t\n\t\t\t\t\t<label for=\"username_email\">\n\t\t\t\t\t\tU\u017eivatelsk\u00e9 jm\u00e9no nebo e-mail\t\t\t\t\t\t\t\t\t\t\t\t\t<span class=\"wpum-required\">*<\/span>\n\t\t\t\t\t\t\t\t\t\t\t<\/label>\n\t\t\t\t\t<div class=\"field required-field\">\n\t\t\t\t\t\t\n<input\n\ttype=\"text\"\n\tclass=\"input-text\"\n\tname=\"username_email\"\n\t\tid=\"username_email\"\n\tplaceholder=\"\"\n\tvalue=\"\"\n\tmaxlength=\"\"\n\trequired\t\t\t\t\/>\n\t\t\t\t\t<\/div>\n\n\t\t\t\t\n\t\t\t<\/fieldset>\n\t\t\n\t\t<input type=\"hidden\" name=\"wpum_form\" value=\"password-recovery\" \/>\n\t\t<input type=\"hidden\" name=\"step\" value=\"0\" \/>\n\t\t<input type=\"hidden\" id=\"password_recovery_nonce\" name=\"password_recovery_nonce\" value=\"cb95a0c961\" \/><input type=\"hidden\" name=\"_wp_http_referer\" value=\"\/cs\/wp-json\/wp\/v2\/pages\/3406\" \/>\n\t\t\n\t\t<input type=\"submit\" name=\"submit_password_recovery\" class=\"button\" value=\"Reset password\" \/>\n\n\t<input type=\"hidden\" name=\"trp-form-language\" value=\"cs\"\/><\/form>\n\n<\/div>\n\n<ul class=\"wpum-action-links\">\n\t\t<li>\n\t\tAlready have an account? <a href=\"\">Sign In &raquo;<\/a>\t<\/li>\n\t\t\t<li>\n\t\tDon't have an account? <a href=\"\">Signup Now &raquo;<\/a>\t<\/li>\n\t\t<\/ul><\/div>\n\t\t\t\t<\/div>\n\t\t\t\t<\/div>\n\t\t\t\t\t<\/div>\n\t\t\t\t<\/div>\t\t<\/div>","protected":false},"excerpt":{"rendered":"<p>Reset Your Password \u00a0<\/p>","protected":false},"author":1,"featured_media":0,"parent":0,"menu_order":0,"comment_status":"closed","ping_status":"closed","template":"","meta":{"footnotes":""},"class_list":["post-3406","page","type-page","status-publish","hentry"],"yoast_head":"<!-- This site is optimized with the Yoast SEO plugin v25.4 - https:\/\/yoast.com\/wordpress\/plugins\/seo\/ -->\n<title>Password Reset - ClassicCarRatings.com<\/title>\n<meta name=\"robots\" content=\"index, follow, max-snippet:-1, max-image-preview:large, max-video-preview:-1\" \/>\n<link rel=\"canonical\" href=\"https:\/\/classiccarratings.com\/cs\/password-reset\/\" \/>\n<meta property=\"og:locale\" content=\"cs_CZ\" \/>\n<meta property=\"og:type\" content=\"article\" \/>\n<meta property=\"og:title\" content=\"Password Reset - ClassicCarRatings.com\" \/>\n<meta property=\"og:description\" content=\"Reset Your Password \u00a0\" \/>\n<meta property=\"og:url\" content=\"https:\/\/classiccarratings.com\/cs\/password-reset\/\" \/>\n<meta property=\"og:site_name\" content=\"ClassicCarRatings.com\" \/>\n<meta property=\"article:modified_time\" content=\"2026-02-24T12:18:02+00:00\" \/>\n<meta name=\"twitter:card\" content=\"summary_large_image\" \/>\n<meta name=\"twitter:label1\" content=\"Est. reading time\" \/>\n\t<meta name=\"twitter:data1\" content=\"1 minuta\" \/>\n<script type=\"application\/ld+json\" class=\"yoast-schema-graph\">{\"@context\":\"https:\/\/schema.org\",\"@graph\":[{\"@type\":\"WebPage\",\"@id\":\"https:\/\/classiccarratings.com\/password-reset\/\",\"url\":\"https:\/\/classiccarratings.com\/password-reset\/\",\"name\":\"Password Reset - ClassicCarRatings.com\",\"isPartOf\":{\"@id\":\"https:\/\/classiccarratings.com\/da\/#website\"},\"datePublished\":\"2025-07-21T12:44:02+00:00\",\"dateModified\":\"2026-02-24T12:18:02+00:00\",\"breadcrumb\":{\"@id\":\"https:\/\/classiccarratings.com\/password-reset\/#breadcrumb\"},\"inLanguage\":\"cs\",\"potentialAction\":[{\"@type\":\"ReadAction\",\"target\":[\"https:\/\/classiccarratings.com\/password-reset\/\"]}]},{\"@type\":\"BreadcrumbList\",\"@id\":\"https:\/\/classiccarratings.com\/password-reset\/#breadcrumb\",\"itemListElement\":[{\"@type\":\"ListItem\",\"position\":1,\"name\":\"Home\",\"item\":\"https:\/\/classiccarratings.com\/\"},{\"@type\":\"ListItem\",\"position\":2,\"name\":\"Password Reset\"}]},{\"@type\":\"WebSite\",\"@id\":\"https:\/\/classiccarratings.com\/da\/#website\",\"url\":\"https:\/\/classiccarratings.com\/da\/\",\"name\":\"ClassicCarRatings.com\",\"description\":\"Driven by Data &amp; Facts\",\"publisher\":{\"@id\":\"https:\/\/classiccarratings.com\/da\/#organization\"},\"potentialAction\":[{\"@type\":\"SearchAction\",\"target\":{\"@type\":\"EntryPoint\",\"urlTemplate\":\"https:\/\/classiccarratings.com\/da\/?s={search_term_string}\"},\"query-input\":{\"@type\":\"PropertyValueSpecification\",\"valueRequired\":true,\"valueName\":\"search_term_string\"}}],\"inLanguage\":\"cs\"},{\"@type\":\"Organization\",\"@id\":\"https:\/\/classiccarratings.com\/da\/#organization\",\"name\":\"ClassicCarRatings.com\",\"url\":\"https:\/\/classiccarratings.com\/da\/\",\"logo\":{\"@type\":\"ImageObject\",\"inLanguage\":\"cs\",\"@id\":\"https:\/\/classiccarratings.com\/da\/#\/schema\/logo\/image\/\",\"url\":\"https:\/\/classiccarratings.com\/wp-content\/uploads\/2025\/01\/cropped-cropped-cropped-c-kleur.png\",\"contentUrl\":\"https:\/\/classiccarratings.com\/wp-content\/uploads\/2025\/01\/cropped-cropped-cropped-c-kleur.png\",\"width\":200,\"height\":176,\"caption\":\"ClassicCarRatings.com\"},\"image\":{\"@id\":\"https:\/\/classiccarratings.com\/da\/#\/schema\/logo\/image\/\"}}]}<\/script>\n<!-- \/ Yoast SEO plugin. -->","yoast_head_json":{"title":"Password Reset - ClassicCarRatings.com","robots":{"index":"index","follow":"follow","max-snippet":"max-snippet:-1","max-image-preview":"max-image-preview:large","max-video-preview":"max-video-preview:-1"},"canonical":"https:\/\/classiccarratings.com\/cs\/password-reset\/","og_locale":"cs_CZ","og_type":"article","og_title":"Password Reset - ClassicCarRatings.com","og_description":"Reset Your Password \u00a0","og_url":"https:\/\/classiccarratings.com\/cs\/password-reset\/","og_site_name":"ClassicCarRatings.com","article_modified_time":"2026-02-24T12:18:02+00:00","twitter_card":"summary_large_image","twitter_misc":{"Est. reading time":"1 minuta"},"schema":{"@context":"https:\/\/schema.org","@graph":[{"@type":"WebPage","@id":"https:\/\/classiccarratings.com\/password-reset\/","url":"https:\/\/classiccarratings.com\/password-reset\/","name":"Password Reset - ClassicCarRatings.com","isPartOf":{"@id":"https:\/\/classiccarratings.com\/da\/#website"},"datePublished":"2025-07-21T12:44:02+00:00","dateModified":"2026-02-24T12:18:02+00:00","breadcrumb":{"@id":"https:\/\/classiccarratings.com\/password-reset\/#breadcrumb"},"inLanguage":"cs","potentialAction":[{"@type":"ReadAction","target":["https:\/\/classiccarratings.com\/password-reset\/"]}]},{"@type":"BreadcrumbList","@id":"https:\/\/classiccarratings.com\/password-reset\/#breadcrumb","itemListElement":[{"@type":"ListItem","position":1,"name":"Home","item":"https:\/\/classiccarratings.com\/"},{"@type":"ListItem","position":2,"name":"Password Reset"}]},{"@type":"WebSite","@id":"https:\/\/classiccarratings.com\/da\/#website","url":"https:\/\/classiccarratings.com\/da\/","name":"ClassicCarRatings.com","description":"Driven by Data &amp; Facts","publisher":{"@id":"https:\/\/classiccarratings.com\/da\/#organization"},"potentialAction":[{"@type":"SearchAction","target":{"@type":"EntryPoint","urlTemplate":"https:\/\/classiccarratings.com\/da\/?s={search_term_string}"},"query-input":{"@type":"PropertyValueSpecification","valueRequired":true,"valueName":"search_term_string"}}],"inLanguage":"cs"},{"@type":"Organization","@id":"https:\/\/classiccarratings.com\/da\/#organization","name":"ClassicCarRatings.com","url":"https:\/\/classiccarratings.com\/da\/","logo":{"@type":"ImageObject","inLanguage":"cs","@id":"https:\/\/classiccarratings.com\/da\/#\/schema\/logo\/image\/","url":"https:\/\/classiccarratings.com\/wp-content\/uploads\/2025\/01\/cropped-cropped-cropped-c-kleur.png","contentUrl":"https:\/\/classiccarratings.com\/wp-content\/uploads\/2025\/01\/cropped-cropped-cropped-c-kleur.png","width":200,"height":176,"caption":"ClassicCarRatings.com"},"image":{"@id":"https:\/\/classiccarratings.com\/da\/#\/schema\/logo\/image\/"}}]}},"jetpack_sharing_enabled":true,"_links":{"self":[{"href":"https:\/\/classiccarratings.com\/cs\/wp-json\/wp\/v2\/pages\/3406","targetHints":{"allow":["GET"]}}],"collection":[{"href":"https:\/\/classiccarratings.com\/cs\/wp-json\/wp\/v2\/pages"}],"about":[{"href":"https:\/\/classiccarratings.com\/cs\/wp-json\/wp\/v2\/types\/page"}],"author":[{"embeddable":true,"href":"https:\/\/classiccarratings.com\/cs\/wp-json\/wp\/v2\/users\/1"}],"replies":[{"embeddable":true,"href":"https:\/\/classiccarratings.com\/cs\/wp-json\/wp\/v2\/comments?post=3406"}],"version-history":[{"count":6,"href":"https:\/\/classiccarratings.com\/cs\/wp-json\/wp\/v2\/pages\/3406\/revisions"}],"predecessor-version":[{"id":4154,"href":"https:\/\/classiccarratings.com\/cs\/wp-json\/wp\/v2\/pages\/3406\/revisions\/4154"}],"wp:attachment":[{"href":"https:\/\/classiccarratings.com\/cs\/wp-json\/wp\/v2\/media?parent=3406"}],"curies":[{"name":"wp","href":"https:\/\/api.w.org\/{rel}","templated":true}]}}